{"id":508,"date":"2026-02-24T12:04:24","date_gmt":"2026-02-24T11:04:24","guid":{"rendered":"https:\/\/pr-koelus.koelus.com\/?post_type=product&#038;p=508"},"modified":"2026-04-30T15:05:40","modified_gmt":"2026-04-30T13:05:40","slug":"milesight-vs321-868m","status":"publish","type":"product","link":"https:\/\/pr-koelus.koelus.com\/en\/product\/milesight-vs321-868m\/","title":{"rendered":"Milesight VS321-868M"},"content":{"rendered":"<h3 style=\"margin-bottom: 12px;\"><strong> AI-powered LoRaWAN\u00ae occupancy sensor <\/strong><\/h3>\n<div style=\"margin-bottom: 18px;\">El MI-VS321 VS321 es un sensor de ocupaci\u00f3n inal\u00e1mbrico de bajo consumo que cuenta con algoritmos avanzados de inteligencia artificial, que le permiten alcanzar una precisi\u00f3n de detecci\u00f3n de ocupaci\u00f3n de hasta el 95%. Est\u00e1 equipado con sensores integrados de temperatura, humedad y luz ambiental para proporcionar una supervisi\u00f3n completa del entorno.<\/div>\n<h4 style=\"margin-bottom: 6px;\">Documents:<\/h4>\n<div style=\"margin-top: 0;\"><a style=\"display: block; margin: 0 0 6px 0;\" href=\"https:\/\/resource.milesight.com\/milesight\/iot\/document\/vs321-datasheet-en.pdf\" target=\"_blank\" rel=\"noopener noreferrer\">MI-VS321 Datasheet<br \/>\n<\/a><a style=\"display: block; margin: 0;\" href=\"https:\/\/resource.milesight.com\/milesight\/iot\/document\/vs321-user-guide-en.pdf \" target=\"_blank\" rel=\"noopener noreferrer\">MI-VS321 User Manual<br \/>\n<\/a><\/div>","protected":false},"excerpt":{"rendered":"<p>AI-powered LoRaWAN\u00ae occupancy sensor<\/p>","protected":false},"featured_media":509,"comment_status":"closed","ping_status":"closed","template":"","meta":[],"product_brand":[35],"product_cat":[33],"product_tag":[112,144,42],"class_list":{"0":"post-508","1":"product","2":"type-product","3":"status-publish","4":"has-post-thumbnail","6":"product_brand-milesight","7":"product_cat-sensor","8":"product_tag-ia","9":"product_tag-inteligencia-artificial","10":"product_tag-lorawan","11":"pa_conectividad-lorawan","13":"first","14":"outofstock","15":"taxable","16":"shipping-taxable","17":"purchasable","18":"product-type-simple"},"yoast_head":"<!-- This site is optimized with the Yoast SEO plugin v27.4 - https:\/\/yoast.com\/product\/yoast-seo-wordpress\/ -->\n<title>Milesight VS321-868M - koelus<\/title>\n<meta name=\"description\" content=\"Milesight VS321-868M: sensor de ocupaci\u00f3n inal\u00e1mbrico de bajo consumo que cuenta con algoritmos avanzados de Inteligencia Artificial.\" \/>\n<meta name=\"robots\" content=\"index, follow, max-snippet:-1, max-image-preview:large, max-video-preview:-1\" \/>\n<link rel=\"canonical\" href=\"https:\/\/pr-koelus.koelus.com\/en\/product\/milesight-vs321-868m\/\" \/>\n<meta property=\"og:locale\" content=\"en_US\" \/>\n<meta property=\"og:type\" content=\"article\" \/>\n<meta property=\"og:title\" content=\"Milesight VS321-868M - koelus\" \/>\n<meta property=\"og:description\" content=\"Milesight VS321-868M: sensor de ocupaci\u00f3n inal\u00e1mbrico de bajo consumo que cuenta con algoritmos avanzados de Inteligencia Artificial.\" \/>\n<meta property=\"og:url\" content=\"https:\/\/pr-koelus.koelus.com\/en\/product\/milesight-vs321-868m\/\" \/>\n<meta property=\"og:site_name\" content=\"koelus\" \/>\n<meta property=\"article:modified_time\" content=\"2026-04-30T13:05:40+00:00\" \/>\n<meta property=\"og:image\" content=\"https:\/\/pr-koelus.koelus.com\/wp-content\/uploads\/2026\/02\/MI_VS321.png\" \/>\n\t<meta property=\"og:image:width\" content=\"1024\" \/>\n\t<meta property=\"og:image:height\" content=\"1024\" \/>\n\t<meta property=\"og:image:type\" content=\"image\/png\" \/>\n<meta name=\"twitter:card\" content=\"summary_large_image\" \/>\n<meta name=\"twitter:site\" content=\"@KoelusTech\" \/>\n<meta name=\"twitter:label1\" content=\"Est. reading time\" \/>\n\t<meta name=\"twitter:data1\" content=\"1 minute\" \/>\n<script type=\"application\/ld+json\" class=\"yoast-schema-graph\">{\"@context\":\"https:\\\/\\\/schema.org\",\"@graph\":[{\"@type\":\"WebPage\",\"@id\":\"https:\\\/\\\/pr-koelus.koelus.com\\\/producto\\\/milesight-vs321-868m\\\/\",\"url\":\"https:\\\/\\\/pr-koelus.koelus.com\\\/producto\\\/milesight-vs321-868m\\\/\",\"name\":\"Milesight VS321-868M - koelus\",\"isPartOf\":{\"@id\":\"https:\\\/\\\/pr-koelus.koelus.com\\\/#website\"},\"primaryImageOfPage\":{\"@id\":\"https:\\\/\\\/pr-koelus.koelus.com\\\/producto\\\/milesight-vs321-868m\\\/#primaryimage\"},\"image\":{\"@id\":\"https:\\\/\\\/pr-koelus.koelus.com\\\/producto\\\/milesight-vs321-868m\\\/#primaryimage\"},\"thumbnailUrl\":\"https:\\\/\\\/pr-koelus.koelus.com\\\/wp-content\\\/uploads\\\/2026\\\/02\\\/MI_VS321.png\",\"datePublished\":\"2026-02-24T11:04:24+00:00\",\"dateModified\":\"2026-04-30T13:05:40+00:00\",\"description\":\"Milesight VS321-868M: sensor de ocupaci\u00f3n inal\u00e1mbrico de bajo consumo que cuenta con algoritmos avanzados de Inteligencia Artificial.\",\"breadcrumb\":{\"@id\":\"https:\\\/\\\/pr-koelus.koelus.com\\\/producto\\\/milesight-vs321-868m\\\/#breadcrumb\"},\"inLanguage\":\"en-US\",\"potentialAction\":[{\"@type\":\"ReadAction\",\"target\":[\"https:\\\/\\\/pr-koelus.koelus.com\\\/producto\\\/milesight-vs321-868m\\\/\"]}]},{\"@type\":\"ImageObject\",\"inLanguage\":\"en-US\",\"@id\":\"https:\\\/\\\/pr-koelus.koelus.com\\\/producto\\\/milesight-vs321-868m\\\/#primaryimage\",\"url\":\"https:\\\/\\\/pr-koelus.koelus.com\\\/wp-content\\\/uploads\\\/2026\\\/02\\\/MI_VS321.png\",\"contentUrl\":\"https:\\\/\\\/pr-koelus.koelus.com\\\/wp-content\\\/uploads\\\/2026\\\/02\\\/MI_VS321.png\",\"width\":1024,\"height\":1024},{\"@type\":\"BreadcrumbList\",\"@id\":\"https:\\\/\\\/pr-koelus.koelus.com\\\/producto\\\/milesight-vs321-868m\\\/#breadcrumb\",\"itemListElement\":[{\"@type\":\"ListItem\",\"position\":1,\"name\":\"Portada\",\"item\":\"https:\\\/\\\/pr-koelus.koelus.com\\\/\"},{\"@type\":\"ListItem\",\"position\":2,\"name\":\"Tienda\",\"item\":\"https:\\\/\\\/pr-koelus.koelus.com\\\/tienda\\\/\"},{\"@type\":\"ListItem\",\"position\":3,\"name\":\"Milesight VS321-868M\"}]},{\"@type\":\"WebSite\",\"@id\":\"https:\\\/\\\/pr-koelus.koelus.com\\\/#website\",\"url\":\"https:\\\/\\\/pr-koelus.koelus.com\\\/\",\"name\":\"koelus\",\"description\":\"Lideramos el cambio hacia un futuro eficiente y sostenible\",\"publisher\":{\"@id\":\"https:\\\/\\\/pr-koelus.koelus.com\\\/#organization\"},\"potentialAction\":[{\"@type\":\"SearchAction\",\"target\":{\"@type\":\"EntryPoint\",\"urlTemplate\":\"https:\\\/\\\/pr-koelus.koelus.com\\\/?s={search_term_string}\"},\"query-input\":{\"@type\":\"PropertyValueSpecification\",\"valueRequired\":true,\"valueName\":\"search_term_string\"}}],\"inLanguage\":\"en-US\"},{\"@type\":\"Organization\",\"@id\":\"https:\\\/\\\/pr-koelus.koelus.com\\\/#organization\",\"name\":\"Koelus\",\"url\":\"https:\\\/\\\/pr-koelus.koelus.com\\\/\",\"logo\":{\"@type\":\"ImageObject\",\"inLanguage\":\"en-US\",\"@id\":\"https:\\\/\\\/pr-koelus.koelus.com\\\/#\\\/schema\\\/logo\\\/image\\\/\",\"url\":\"https:\\\/\\\/pr-koelus.koelus.com\\\/wp-content\\\/uploads\\\/2025\\\/01\\\/cropped-ICONO_RGB.jpg\",\"contentUrl\":\"https:\\\/\\\/pr-koelus.koelus.com\\\/wp-content\\\/uploads\\\/2025\\\/01\\\/cropped-ICONO_RGB.jpg\",\"width\":512,\"height\":512,\"caption\":\"Koelus\"},\"image\":{\"@id\":\"https:\\\/\\\/pr-koelus.koelus.com\\\/#\\\/schema\\\/logo\\\/image\\\/\"},\"sameAs\":[\"https:\\\/\\\/x.com\\\/KoelusTech\",\"https:\\\/\\\/www.linkedin.com\\\/company\\\/aritium\"]}]}<\/script>\n<!-- \/ Yoast SEO plugin. -->","yoast_head_json":{"title":"Milesight VS321-868M - koelus","description":"Milesight VS321-868M: sensor de ocupaci\u00f3n inal\u00e1mbrico de bajo consumo que cuenta con algoritmos avanzados de Inteligencia Artificial.","robots":{"index":"index","follow":"follow","max-snippet":"max-snippet:-1","max-image-preview":"max-image-preview:large","max-video-preview":"max-video-preview:-1"},"canonical":"https:\/\/pr-koelus.koelus.com\/en\/product\/milesight-vs321-868m\/","og_locale":"en_US","og_type":"article","og_title":"Milesight VS321-868M - koelus","og_description":"Milesight VS321-868M: sensor de ocupaci\u00f3n inal\u00e1mbrico de bajo consumo que cuenta con algoritmos avanzados de Inteligencia Artificial.","og_url":"https:\/\/pr-koelus.koelus.com\/en\/product\/milesight-vs321-868m\/","og_site_name":"koelus","article_modified_time":"2026-04-30T13:05:40+00:00","og_image":[{"width":1024,"height":1024,"url":"https:\/\/pr-koelus.koelus.com\/wp-content\/uploads\/2026\/02\/MI_VS321.png","type":"image\/png"}],"twitter_card":"summary_large_image","twitter_site":"@KoelusTech","twitter_misc":{"Est. reading time":"1 minute"},"schema":{"@context":"https:\/\/schema.org","@graph":[{"@type":"WebPage","@id":"https:\/\/pr-koelus.koelus.com\/producto\/milesight-vs321-868m\/","url":"https:\/\/pr-koelus.koelus.com\/producto\/milesight-vs321-868m\/","name":"Milesight VS321-868M - koelus","isPartOf":{"@id":"https:\/\/pr-koelus.koelus.com\/#website"},"primaryImageOfPage":{"@id":"https:\/\/pr-koelus.koelus.com\/producto\/milesight-vs321-868m\/#primaryimage"},"image":{"@id":"https:\/\/pr-koelus.koelus.com\/producto\/milesight-vs321-868m\/#primaryimage"},"thumbnailUrl":"https:\/\/pr-koelus.koelus.com\/wp-content\/uploads\/2026\/02\/MI_VS321.png","datePublished":"2026-02-24T11:04:24+00:00","dateModified":"2026-04-30T13:05:40+00:00","description":"Milesight VS321-868M: sensor de ocupaci\u00f3n inal\u00e1mbrico de bajo consumo que cuenta con algoritmos avanzados de Inteligencia Artificial.","breadcrumb":{"@id":"https:\/\/pr-koelus.koelus.com\/producto\/milesight-vs321-868m\/#breadcrumb"},"inLanguage":"en-US","potentialAction":[{"@type":"ReadAction","target":["https:\/\/pr-koelus.koelus.com\/producto\/milesight-vs321-868m\/"]}]},{"@type":"ImageObject","inLanguage":"en-US","@id":"https:\/\/pr-koelus.koelus.com\/producto\/milesight-vs321-868m\/#primaryimage","url":"https:\/\/pr-koelus.koelus.com\/wp-content\/uploads\/2026\/02\/MI_VS321.png","contentUrl":"https:\/\/pr-koelus.koelus.com\/wp-content\/uploads\/2026\/02\/MI_VS321.png","width":1024,"height":1024},{"@type":"BreadcrumbList","@id":"https:\/\/pr-koelus.koelus.com\/producto\/milesight-vs321-868m\/#breadcrumb","itemListElement":[{"@type":"ListItem","position":1,"name":"Portada","item":"https:\/\/pr-koelus.koelus.com\/"},{"@type":"ListItem","position":2,"name":"Tienda","item":"https:\/\/pr-koelus.koelus.com\/tienda\/"},{"@type":"ListItem","position":3,"name":"Milesight VS321-868M"}]},{"@type":"WebSite","@id":"https:\/\/pr-koelus.koelus.com\/#website","url":"https:\/\/pr-koelus.koelus.com\/","name":"koelus","description":"Lideramos el cambio hacia un futuro eficiente y sostenible","publisher":{"@id":"https:\/\/pr-koelus.koelus.com\/#organization"},"potentialAction":[{"@type":"SearchAction","target":{"@type":"EntryPoint","urlTemplate":"https:\/\/pr-koelus.koelus.com\/?s={search_term_string}"},"query-input":{"@type":"PropertyValueSpecification","valueRequired":true,"valueName":"search_term_string"}}],"inLanguage":"en-US"},{"@type":"Organization","@id":"https:\/\/pr-koelus.koelus.com\/#organization","name":"Koelus","url":"https:\/\/pr-koelus.koelus.com\/","logo":{"@type":"ImageObject","inLanguage":"en-US","@id":"https:\/\/pr-koelus.koelus.com\/#\/schema\/logo\/image\/","url":"https:\/\/pr-koelus.koelus.com\/wp-content\/uploads\/2025\/01\/cropped-ICONO_RGB.jpg","contentUrl":"https:\/\/pr-koelus.koelus.com\/wp-content\/uploads\/2025\/01\/cropped-ICONO_RGB.jpg","width":512,"height":512,"caption":"Koelus"},"image":{"@id":"https:\/\/pr-koelus.koelus.com\/#\/schema\/logo\/image\/"},"sameAs":["https:\/\/x.com\/KoelusTech","https:\/\/www.linkedin.com\/company\/aritium"]}]}},"_links":{"self":[{"href":"https:\/\/pr-koelus.koelus.com\/en\/wp-json\/wp\/v2\/product\/508","targetHints":{"allow":["GET"]}}],"collection":[{"href":"https:\/\/pr-koelus.koelus.com\/en\/wp-json\/wp\/v2\/product"}],"about":[{"href":"https:\/\/pr-koelus.koelus.com\/en\/wp-json\/wp\/v2\/types\/product"}],"replies":[{"embeddable":true,"href":"https:\/\/pr-koelus.koelus.com\/en\/wp-json\/wp\/v2\/comments?post=508"}],"wp:featuredmedia":[{"embeddable":true,"href":"https:\/\/pr-koelus.koelus.com\/en\/wp-json\/wp\/v2\/media\/509"}],"wp:attachment":[{"href":"https:\/\/pr-koelus.koelus.com\/en\/wp-json\/wp\/v2\/media?parent=508"}],"wp:term":[{"taxonomy":"product_brand","embeddable":true,"href":"https:\/\/pr-koelus.koelus.com\/en\/wp-json\/wp\/v2\/product_brand?post=508"},{"taxonomy":"product_cat","embeddable":true,"href":"https:\/\/pr-koelus.koelus.com\/en\/wp-json\/wp\/v2\/product_cat?post=508"},{"taxonomy":"product_tag","embeddable":true,"href":"https:\/\/pr-koelus.koelus.com\/en\/wp-json\/wp\/v2\/product_tag?post=508"}],"curies":[{"name":"wp","href":"https:\/\/api.w.org\/{rel}","templated":true}]}}