{"id":402,"date":"2026-02-19T18:10:17","date_gmt":"2026-02-19T17:10:17","guid":{"rendered":"https:\/\/pr-koelus.koelus.com\/?post_type=product&#038;p=402"},"modified":"2026-04-30T17:02:40","modified_gmt":"2026-04-30T15:02:40","slug":"mi-vs133","status":"publish","type":"product","link":"https:\/\/pr-koelus.koelus.com\/en\/product\/mi-vs133\/","title":{"rendered":"Milesight VS133-868M"},"content":{"rendered":"<h3 style=\"margin-bottom: 12px;\"><strong>Sensor LoRaWAN de conteo de personas que combina tecnolog\u00eda ToF con IA<\/strong><\/h3>\n<div style=\"margin-bottom: 10px;\">MI-VS133 es un sensor LoRaWAN que utiliza tecnolog\u00eda ToF de segunda generaci\u00f3n para contar personas con precisi\u00f3n.<\/div>\n<div style=\"margin-bottom: 18px;\">This technology provides more accurate depth maps and longer detection distances, while maintaining excellent privacy protection. Advanced ToF technology combined with an AI algorithm enables the sensor to handle complex scenes and distinguish non-human objects with up to 99.8% accuracy.<\/div>\n<h4 style=\"margin-bottom: 6px;\">Documents:<\/h4>\n<div style=\"margin-top: 0;\"><a style=\"display: block; margin: 0 0 6px 0;\" href=\"https:\/\/resource.milesight.com\/milesight\/iot\/document\/vs133-datasheet-en.pdf\" target=\"_blank\" rel=\"noopener noreferrer\">MI-VS133 Datasheet<br \/>\n<\/a><a style=\"display: block; margin: 0;\" href=\"https:\/\/resource.milesight.com\/milesight\/iot\/document\/vs133-user-guide-en.pdf\" target=\"_blank\" rel=\"noopener noreferrer\">MI-VS133 User Manual<br \/>\n<\/a><\/div>","protected":false},"excerpt":{"rendered":"<p>LoRaWAN\u00ae people counting sensor combining ToF technology with AI<\/p>","protected":false},"featured_media":403,"comment_status":"closed","ping_status":"closed","template":"","meta":[],"product_brand":[35],"product_cat":[33],"product_tag":[112,42,111,74,113],"class_list":{"0":"post-402","1":"product","2":"type-product","3":"status-publish","4":"has-post-thumbnail","6":"product_brand-milesight","7":"product_cat-sensor","8":"product_tag-ia","9":"product_tag-lorawan","10":"product_tag-ocupacion","11":"product_tag-presencia","12":"product_tag-tof","13":"pa_conectividad-lorawan","15":"first","16":"outofstock","17":"taxable","18":"shipping-taxable","19":"purchasable","20":"product-type-simple"},"yoast_head":"<!-- This site is optimized with the Yoast SEO plugin v27.4 - https:\/\/yoast.com\/product\/yoast-seo-wordpress\/ -->\n<title>Milesight VS133-868M - koelus<\/title>\n<meta name=\"description\" content=\"Milesight VS133-868M: sensor LoRaWAN de conteo de personas que combina tecnolog\u00eda ToF con IA.\" \/>\n<meta name=\"robots\" content=\"index, follow, max-snippet:-1, max-image-preview:large, max-video-preview:-1\" \/>\n<link rel=\"canonical\" href=\"https:\/\/pr-koelus.koelus.com\/en\/product\/mi-vs133\/\" \/>\n<meta property=\"og:locale\" content=\"en_US\" \/>\n<meta property=\"og:type\" content=\"article\" \/>\n<meta property=\"og:title\" content=\"Milesight VS133-868M - koelus\" \/>\n<meta property=\"og:description\" content=\"Milesight VS133-868M: sensor LoRaWAN de conteo de personas que combina tecnolog\u00eda ToF con IA.\" \/>\n<meta property=\"og:url\" content=\"https:\/\/pr-koelus.koelus.com\/en\/product\/mi-vs133\/\" \/>\n<meta property=\"og:site_name\" content=\"koelus\" \/>\n<meta property=\"article:modified_time\" content=\"2026-04-30T15:02:40+00:00\" \/>\n<meta property=\"og:image\" content=\"https:\/\/pr-koelus.koelus.com\/wp-content\/uploads\/2026\/02\/MI_VS133.png\" \/>\n\t<meta property=\"og:image:width\" content=\"1024\" \/>\n\t<meta property=\"og:image:height\" content=\"1024\" \/>\n\t<meta property=\"og:image:type\" content=\"image\/png\" \/>\n<meta name=\"twitter:card\" content=\"summary_large_image\" \/>\n<meta name=\"twitter:site\" content=\"@KoelusTech\" \/>\n<meta name=\"twitter:label1\" content=\"Est. reading time\" \/>\n\t<meta name=\"twitter:data1\" content=\"1 minute\" \/>\n<script type=\"application\/ld+json\" class=\"yoast-schema-graph\">{\"@context\":\"https:\\\/\\\/schema.org\",\"@graph\":[{\"@type\":\"WebPage\",\"@id\":\"https:\\\/\\\/pr-koelus.koelus.com\\\/producto\\\/mi-vs133\\\/\",\"url\":\"https:\\\/\\\/pr-koelus.koelus.com\\\/producto\\\/mi-vs133\\\/\",\"name\":\"Milesight VS133-868M - koelus\",\"isPartOf\":{\"@id\":\"https:\\\/\\\/pr-koelus.koelus.com\\\/#website\"},\"primaryImageOfPage\":{\"@id\":\"https:\\\/\\\/pr-koelus.koelus.com\\\/producto\\\/mi-vs133\\\/#primaryimage\"},\"image\":{\"@id\":\"https:\\\/\\\/pr-koelus.koelus.com\\\/producto\\\/mi-vs133\\\/#primaryimage\"},\"thumbnailUrl\":\"https:\\\/\\\/pr-koelus.koelus.com\\\/wp-content\\\/uploads\\\/2026\\\/02\\\/MI_VS133.png\",\"datePublished\":\"2026-02-19T17:10:17+00:00\",\"dateModified\":\"2026-04-30T15:02:40+00:00\",\"description\":\"Milesight VS133-868M: sensor LoRaWAN de conteo de personas que combina tecnolog\u00eda ToF con IA.\",\"breadcrumb\":{\"@id\":\"https:\\\/\\\/pr-koelus.koelus.com\\\/producto\\\/mi-vs133\\\/#breadcrumb\"},\"inLanguage\":\"en-US\",\"potentialAction\":[{\"@type\":\"ReadAction\",\"target\":[\"https:\\\/\\\/pr-koelus.koelus.com\\\/producto\\\/mi-vs133\\\/\"]}]},{\"@type\":\"ImageObject\",\"inLanguage\":\"en-US\",\"@id\":\"https:\\\/\\\/pr-koelus.koelus.com\\\/producto\\\/mi-vs133\\\/#primaryimage\",\"url\":\"https:\\\/\\\/pr-koelus.koelus.com\\\/wp-content\\\/uploads\\\/2026\\\/02\\\/MI_VS133.png\",\"contentUrl\":\"https:\\\/\\\/pr-koelus.koelus.com\\\/wp-content\\\/uploads\\\/2026\\\/02\\\/MI_VS133.png\",\"width\":1024,\"height\":1024},{\"@type\":\"BreadcrumbList\",\"@id\":\"https:\\\/\\\/pr-koelus.koelus.com\\\/producto\\\/mi-vs133\\\/#breadcrumb\",\"itemListElement\":[{\"@type\":\"ListItem\",\"position\":1,\"name\":\"Portada\",\"item\":\"https:\\\/\\\/pr-koelus.koelus.com\\\/\"},{\"@type\":\"ListItem\",\"position\":2,\"name\":\"Tienda\",\"item\":\"https:\\\/\\\/pr-koelus.koelus.com\\\/tienda\\\/\"},{\"@type\":\"ListItem\",\"position\":3,\"name\":\"Milesight VS133-868M\"}]},{\"@type\":\"WebSite\",\"@id\":\"https:\\\/\\\/pr-koelus.koelus.com\\\/#website\",\"url\":\"https:\\\/\\\/pr-koelus.koelus.com\\\/\",\"name\":\"koelus\",\"description\":\"Lideramos el cambio hacia un futuro eficiente y sostenible\",\"publisher\":{\"@id\":\"https:\\\/\\\/pr-koelus.koelus.com\\\/#organization\"},\"potentialAction\":[{\"@type\":\"SearchAction\",\"target\":{\"@type\":\"EntryPoint\",\"urlTemplate\":\"https:\\\/\\\/pr-koelus.koelus.com\\\/?s={search_term_string}\"},\"query-input\":{\"@type\":\"PropertyValueSpecification\",\"valueRequired\":true,\"valueName\":\"search_term_string\"}}],\"inLanguage\":\"en-US\"},{\"@type\":\"Organization\",\"@id\":\"https:\\\/\\\/pr-koelus.koelus.com\\\/#organization\",\"name\":\"Koelus\",\"url\":\"https:\\\/\\\/pr-koelus.koelus.com\\\/\",\"logo\":{\"@type\":\"ImageObject\",\"inLanguage\":\"en-US\",\"@id\":\"https:\\\/\\\/pr-koelus.koelus.com\\\/#\\\/schema\\\/logo\\\/image\\\/\",\"url\":\"https:\\\/\\\/pr-koelus.koelus.com\\\/wp-content\\\/uploads\\\/2025\\\/01\\\/cropped-ICONO_RGB.jpg\",\"contentUrl\":\"https:\\\/\\\/pr-koelus.koelus.com\\\/wp-content\\\/uploads\\\/2025\\\/01\\\/cropped-ICONO_RGB.jpg\",\"width\":512,\"height\":512,\"caption\":\"Koelus\"},\"image\":{\"@id\":\"https:\\\/\\\/pr-koelus.koelus.com\\\/#\\\/schema\\\/logo\\\/image\\\/\"},\"sameAs\":[\"https:\\\/\\\/x.com\\\/KoelusTech\",\"https:\\\/\\\/www.linkedin.com\\\/company\\\/aritium\"]}]}<\/script>\n<!-- \/ Yoast SEO plugin. -->","yoast_head_json":{"title":"Milesight VS133-868M - koelus","description":"Milesight VS133-868M: sensor LoRaWAN de conteo de personas que combina tecnolog\u00eda ToF con IA.","robots":{"index":"index","follow":"follow","max-snippet":"max-snippet:-1","max-image-preview":"max-image-preview:large","max-video-preview":"max-video-preview:-1"},"canonical":"https:\/\/pr-koelus.koelus.com\/en\/product\/mi-vs133\/","og_locale":"en_US","og_type":"article","og_title":"Milesight VS133-868M - koelus","og_description":"Milesight VS133-868M: sensor LoRaWAN de conteo de personas que combina tecnolog\u00eda ToF con IA.","og_url":"https:\/\/pr-koelus.koelus.com\/en\/product\/mi-vs133\/","og_site_name":"koelus","article_modified_time":"2026-04-30T15:02:40+00:00","og_image":[{"width":1024,"height":1024,"url":"https:\/\/pr-koelus.koelus.com\/wp-content\/uploads\/2026\/02\/MI_VS133.png","type":"image\/png"}],"twitter_card":"summary_large_image","twitter_site":"@KoelusTech","twitter_misc":{"Est. reading time":"1 minute"},"schema":{"@context":"https:\/\/schema.org","@graph":[{"@type":"WebPage","@id":"https:\/\/pr-koelus.koelus.com\/producto\/mi-vs133\/","url":"https:\/\/pr-koelus.koelus.com\/producto\/mi-vs133\/","name":"Milesight VS133-868M - koelus","isPartOf":{"@id":"https:\/\/pr-koelus.koelus.com\/#website"},"primaryImageOfPage":{"@id":"https:\/\/pr-koelus.koelus.com\/producto\/mi-vs133\/#primaryimage"},"image":{"@id":"https:\/\/pr-koelus.koelus.com\/producto\/mi-vs133\/#primaryimage"},"thumbnailUrl":"https:\/\/pr-koelus.koelus.com\/wp-content\/uploads\/2026\/02\/MI_VS133.png","datePublished":"2026-02-19T17:10:17+00:00","dateModified":"2026-04-30T15:02:40+00:00","description":"Milesight VS133-868M: sensor LoRaWAN de conteo de personas que combina tecnolog\u00eda ToF con IA.","breadcrumb":{"@id":"https:\/\/pr-koelus.koelus.com\/producto\/mi-vs133\/#breadcrumb"},"inLanguage":"en-US","potentialAction":[{"@type":"ReadAction","target":["https:\/\/pr-koelus.koelus.com\/producto\/mi-vs133\/"]}]},{"@type":"ImageObject","inLanguage":"en-US","@id":"https:\/\/pr-koelus.koelus.com\/producto\/mi-vs133\/#primaryimage","url":"https:\/\/pr-koelus.koelus.com\/wp-content\/uploads\/2026\/02\/MI_VS133.png","contentUrl":"https:\/\/pr-koelus.koelus.com\/wp-content\/uploads\/2026\/02\/MI_VS133.png","width":1024,"height":1024},{"@type":"BreadcrumbList","@id":"https:\/\/pr-koelus.koelus.com\/producto\/mi-vs133\/#breadcrumb","itemListElement":[{"@type":"ListItem","position":1,"name":"Portada","item":"https:\/\/pr-koelus.koelus.com\/"},{"@type":"ListItem","position":2,"name":"Tienda","item":"https:\/\/pr-koelus.koelus.com\/tienda\/"},{"@type":"ListItem","position":3,"name":"Milesight VS133-868M"}]},{"@type":"WebSite","@id":"https:\/\/pr-koelus.koelus.com\/#website","url":"https:\/\/pr-koelus.koelus.com\/","name":"koelus","description":"Lideramos el cambio hacia un futuro eficiente y sostenible","publisher":{"@id":"https:\/\/pr-koelus.koelus.com\/#organization"},"potentialAction":[{"@type":"SearchAction","target":{"@type":"EntryPoint","urlTemplate":"https:\/\/pr-koelus.koelus.com\/?s={search_term_string}"},"query-input":{"@type":"PropertyValueSpecification","valueRequired":true,"valueName":"search_term_string"}}],"inLanguage":"en-US"},{"@type":"Organization","@id":"https:\/\/pr-koelus.koelus.com\/#organization","name":"Koelus","url":"https:\/\/pr-koelus.koelus.com\/","logo":{"@type":"ImageObject","inLanguage":"en-US","@id":"https:\/\/pr-koelus.koelus.com\/#\/schema\/logo\/image\/","url":"https:\/\/pr-koelus.koelus.com\/wp-content\/uploads\/2025\/01\/cropped-ICONO_RGB.jpg","contentUrl":"https:\/\/pr-koelus.koelus.com\/wp-content\/uploads\/2025\/01\/cropped-ICONO_RGB.jpg","width":512,"height":512,"caption":"Koelus"},"image":{"@id":"https:\/\/pr-koelus.koelus.com\/#\/schema\/logo\/image\/"},"sameAs":["https:\/\/x.com\/KoelusTech","https:\/\/www.linkedin.com\/company\/aritium"]}]}},"_links":{"self":[{"href":"https:\/\/pr-koelus.koelus.com\/en\/wp-json\/wp\/v2\/product\/402","targetHints":{"allow":["GET"]}}],"collection":[{"href":"https:\/\/pr-koelus.koelus.com\/en\/wp-json\/wp\/v2\/product"}],"about":[{"href":"https:\/\/pr-koelus.koelus.com\/en\/wp-json\/wp\/v2\/types\/product"}],"replies":[{"embeddable":true,"href":"https:\/\/pr-koelus.koelus.com\/en\/wp-json\/wp\/v2\/comments?post=402"}],"wp:featuredmedia":[{"embeddable":true,"href":"https:\/\/pr-koelus.koelus.com\/en\/wp-json\/wp\/v2\/media\/403"}],"wp:attachment":[{"href":"https:\/\/pr-koelus.koelus.com\/en\/wp-json\/wp\/v2\/media?parent=402"}],"wp:term":[{"taxonomy":"product_brand","embeddable":true,"href":"https:\/\/pr-koelus.koelus.com\/en\/wp-json\/wp\/v2\/product_brand?post=402"},{"taxonomy":"product_cat","embeddable":true,"href":"https:\/\/pr-koelus.koelus.com\/en\/wp-json\/wp\/v2\/product_cat?post=402"},{"taxonomy":"product_tag","embeddable":true,"href":"https:\/\/pr-koelus.koelus.com\/en\/wp-json\/wp\/v2\/product_tag?post=402"}],"curies":[{"name":"wp","href":"https:\/\/api.w.org\/{rel}","templated":true}]}}